{"id":36,"date":"2022-05-29T16:10:50","date_gmt":"2022-05-29T13:10:50","guid":{"rendered":"http:\/\/centralmedia-wordpress.loc\/?page_id=36"},"modified":"2025-02-07T17:38:24","modified_gmt":"2025-02-07T14:38:24","slug":"about-us","status":"publish","type":"page","link":"https:\/\/centralmedia.lv\/lv\/about-us\/","title":{"rendered":"Par mums"},"content":{"rendered":"\r\n<p>Cien\u012bjamie partneri!<\/p>\r\n\r\n\r\n\r\n<p>Uz\u0146\u0113m\u0113jdarb\u012bb\u0101 svar\u012bg\u0101kais ir partneru uztic\u0113\u0161an\u0101s un cie\u0146a, kas tiek pan\u0101kta ar efekt\u012bvu darbu un pien\u0101c\u012bgu uztic\u0113to uzdevumu izpildi. Vair\u0101ku gadu laik\u0101 Baltijas tirg\u016b jau esam k\u013cuvu\u0161i par vienu no vado\u0161ajiem TV programmu izplat\u012bt\u0101jiem, nodro\u0161inot saviem klientiem tikai augst\u0101k\u0101s kvalit\u0101tes visda\u017e\u0101d\u0101k\u0101s tematikas telev\u012bzijas programmas &#8211; b\u0113rnu, filmu, sporta, izklaides un pieaugu\u0161o.<\/p>\r\n\r\n\r\n\r\n<p>Pag\u0101ju\u0161aj\u0101 gad\u0101 ar prieku iepaz\u012bstin\u0101j\u0101m skat\u012bt\u0101jus ar pirmo m\u016bsu pa\u0161u veidoto TV programmu \u2013 Red Lips, kas jau ir atrodama operatoru kabe\u013ct\u012bklos. \u0160ogad t\u0101s izplat\u012b\u0161ana tiek pl\u0101nota liel\u0101kaj\u0101s NVS un Centr\u0101leiropas valst\u012bs. Bet jau n\u0101kamgad m\u0113s pl\u0101nojam s\u0101kt v\u0113l tr\u012bs pa\u0161u veidotu jaunu telev\u012bzijas programmu startu, kas b\u016bs paredz\u0113tas Eiropas tirgum.<\/p>\r\n\r\n\r\n\r\n<p>M\u016bsu uz\u0146\u0113mums akt\u012bvi str\u0101d\u0101 ar\u012b da\u017e\u0101das tematikas programmu satura izplat\u012b\u0161an\u0101. \u0160obr\u012bd esam lepni pied\u0101v\u0101t skat\u012bt\u0101jiem augst\u0101k\u0101s kvalit\u0101tes popul\u0101rzin\u0101tnisk\u0101s programmas Explorers saturu, kas tiek film\u0113ts 4K un 8K kvalit\u0101t\u0113. Papildus pied\u0101v\u0101jam ar\u012b pieaugu\u0161o kategorijas maksas saturu no pasaules slaven\u0101kaj\u0101m studij\u0101m, kas ir ieguvis neskait\u0101mas balvas 18+ nozar\u0113. Par m\u016bsu priorit\u0101ti m\u0113s izvirz\u0101m skat\u012bt\u0101ju intereses, past\u0101v\u012bgi analiz\u0113jot maksas satura jomu un skat\u012bt\u0101ju piepras\u012bjumu. M\u016bsu klienti ir virszemes un kabe\u013ctelev\u012bzijas programmas, liel\u0101k\u0101s straum\u0113\u0161anas, mob\u012bl\u0101s un OTT platformas.<\/p>\r\n\r\n\r\n\r\n<p>M\u0113s patiesi nov\u0113rt\u0113jam katru no jums! Paldies, ka izv\u0113l\u0113j\u0101ties m\u016bsu uz\u0146\u0113mumu un uz dr\u012bzu tik\u0161anos!<\/p>\r\n","protected":false},"excerpt":{"rendered":"<p>Cien\u012bjamie partneri! Uz\u0146\u0113m\u0113jdarb\u012bb\u0101 svar\u012bg\u0101kais ir partneru uztic\u0113\u0161an\u0101s un cie\u0146a, kas tiek pan\u0101kta ar efekt\u012bvu darbu un pien\u0101c\u012bgu uztic\u0113to uzdevumu izpildi. Vair\u0101ku gadu laik\u0101 Baltijas tirg\u016b jau esam k\u013cuvu\u0161i par vienu no vado\u0161ajiem TV programmu izplat\u012bt\u0101jiem, nodro\u0161inot saviem klientiem tikai augst\u0101k\u0101s kvalit\u0101tes visda\u017e\u0101d\u0101k\u0101s tematikas telev\u012bzijas programmas &#8211; b\u0113rnu, filmu, sporta, izklaides un pieaugu\u0161o. Pag\u0101ju\u0161aj\u0101 gad\u0101 ar &hellip; <\/p>\n<p class=\"link-more\"><a href=\"https:\/\/centralmedia.lv\/lv\/about-us\/\" class=\"more-link\">Continue reading<span class=\"screen-reader-text\"> &#8220;Par mums&#8221;<\/span><\/a><\/p>\n","protected":false},"author":1,"featured_media":452,"parent":0,"menu_order":0,"comment_status":"closed","ping_status":"closed","template":"about.php","meta":{"footnotes":""},"class_list":["post-36","page","type-page","status-publish","has-post-thumbnail","hentry","entry"],"yoast_head":"<!-- This site is optimized with the Yoast SEO plugin v22.9 - https:\/\/yoast.com\/wordpress\/plugins\/seo\/ -->\n<title>Par mums - Central Media<\/title>\n<meta name=\"robots\" content=\"index, follow, max-snippet:-1, max-image-preview:large, max-video-preview:-1\" \/>\n<link rel=\"canonical\" href=\"https:\/\/centralmedia.lv\/ru\/about-us\/\" \/>\n<meta property=\"og:locale\" content=\"lv_LV\" \/>\n<meta property=\"og:locale:alternate\" content=\"en_GB\" \/>\n<meta property=\"og:locale:alternate\" content=\"et\" \/>\n<meta property=\"og:locale:alternate\" content=\"lt_LT\" \/>\n<meta property=\"og:locale:alternate\" content=\"ru_RU\" \/>\n<meta property=\"og:type\" content=\"article\" \/>\n<meta property=\"og:title\" content=\"Par mums\" \/>\n<meta property=\"og:description\" content=\"Cien\u012bjamie partneri! Uz\u0146\u0113m\u0113jdarb\u012bb\u0101 svar\u012bg\u0101kais ir partneru uztic\u0113\u0161an\u0101s un cie\u0146a, kas tiek pan\u0101kta ar efekt\u012bvu darbu un pien\u0101c\u012bgu uztic\u0113to uzdevumu izpildi. Vair\u0101ku gadu laik\u0101 Baltijas tirg\u016b jau esam k\u013cuvu\u0161i par vienu no vado\u0161ajiem TV programmu izplat\u012bt\u0101jiem, nodro\u0161inot saviem klientiem tikai augst\u0101k\u0101s kvalit\u0101tes visda\u017e\u0101d\u0101k\u0101s tematikas telev\u012bzijas programmas &#8211; b\u0113rnu, filmu, sporta, izklaides un pieaugu\u0161o. Pag\u0101ju\u0161aj\u0101 gad\u0101 ar &hellip; Continue reading &quot;Par mums&quot;\" \/>\n<meta property=\"og:url\" content=\"https:\/\/centralmedia.lv\/lv\/about-us\/\" \/>\n<meta property=\"og:site_name\" content=\"Central Media\" \/>\n<meta property=\"article:modified_time\" content=\"2025-02-07T14:38:24+00:00\" \/>\n<meta property=\"og:image\" content=\"https:\/\/centralmedia.lv\/wp-content\/uploads\/2024\/04\/cm-site-jpg.webp\" \/>\n\t<meta property=\"og:image:width\" content=\"1344\" \/>\n\t<meta property=\"og:image:height\" content=\"1680\" \/>\n\t<meta property=\"og:image:type\" content=\"image\/jpeg\" \/>\n<meta name=\"twitter:card\" content=\"summary_large_image\" \/>\n<meta name=\"twitter:label1\" content=\"Est. reading time\" \/>\n\t<meta name=\"twitter:data1\" content=\"2 min\u016btes\" \/>\n<script type=\"application\/ld+json\" class=\"yoast-schema-graph\">{\"@context\":\"https:\/\/schema.org\",\"@graph\":[{\"@type\":\"WebPage\",\"@id\":\"https:\/\/centralmedia.lv\/ru\/about-us\/\",\"url\":\"https:\/\/centralmedia.lv\/ru\/about-us\/\",\"name\":\"Par mums\",\"isPartOf\":{\"@id\":\"https:\/\/centralmedia.lv\/#website\"},\"primaryImageOfPage\":{\"@id\":\"https:\/\/centralmedia.lv\/ru\/about-us\/#primaryimage\"},\"image\":{\"@id\":\"https:\/\/centralmedia.lv\/ru\/about-us\/#primaryimage\"},\"thumbnailUrl\":\"https:\/\/centralmedia.lv\/wp-content\/uploads\/2024\/04\/cm-site-jpg.webp\",\"datePublished\":\"2022-05-29T13:10:50+00:00\",\"dateModified\":\"2025-02-07T14:38:24+00:00\",\"inLanguage\":\"lv\",\"potentialAction\":[{\"@type\":\"ReadAction\",\"target\":[\"https:\/\/centralmedia.lv\/ru\/about-us\/\"]}]},{\"@type\":\"ImageObject\",\"inLanguage\":\"lv\",\"@id\":\"https:\/\/centralmedia.lv\/ru\/about-us\/#primaryimage\",\"url\":\"https:\/\/centralmedia.lv\/wp-content\/uploads\/2024\/04\/cm-site-jpg.webp\",\"contentUrl\":\"https:\/\/centralmedia.lv\/wp-content\/uploads\/2024\/04\/cm-site-jpg.webp\",\"width\":1344,\"height\":1680},{\"@type\":\"WebSite\",\"@id\":\"https:\/\/centralmedia.lv\/#website\",\"url\":\"https:\/\/centralmedia.lv\/\",\"name\":\"Central Media\",\"description\":\"\u0415\u0449\u0451 \u043e\u0434\u0438\u043d \u0441\u0430\u0439\u0442 \u043d\u0430 WordPress\",\"potentialAction\":[{\"@type\":\"SearchAction\",\"target\":{\"@type\":\"EntryPoint\",\"urlTemplate\":\"https:\/\/centralmedia.lv\/?s={search_term_string}\"},\"query-input\":\"required name=search_term_string\"}],\"inLanguage\":\"lv\"}]}<\/script>\n<!-- \/ Yoast SEO plugin. -->","yoast_head_json":{"title":"Par mums - Central Media","robots":{"index":"index","follow":"follow","max-snippet":"max-snippet:-1","max-image-preview":"max-image-preview:large","max-video-preview":"max-video-preview:-1"},"canonical":"https:\/\/centralmedia.lv\/ru\/about-us\/","og_locale":"lv_LV","og_type":"article","og_title":"[:en]About Us[:lv]Par mums[:ru]\u041e \u043a\u043e\u043c\u043f\u0430\u043d\u0438\u0438[:] - Central Media","og_description":"Cien\u012bjamie partneri! Uz\u0146\u0113m\u0113jdarb\u012bb\u0101 svar\u012bg\u0101kais ir partneru uztic\u0113\u0161an\u0101s un cie\u0146a, kas tiek pan\u0101kta ar efekt\u012bvu darbu un pien\u0101c\u012bgu uztic\u0113to uzdevumu izpildi. Vair\u0101ku gadu laik\u0101 Baltijas tirg\u016b jau esam k\u013cuvu\u0161i par vienu no vado\u0161ajiem TV programmu izplat\u012bt\u0101jiem, nodro\u0161inot saviem klientiem tikai augst\u0101k\u0101s kvalit\u0101tes visda\u017e\u0101d\u0101k\u0101s tematikas telev\u012bzijas programmas &#8211; b\u0113rnu, filmu, sporta, izklaides un pieaugu\u0161o. Pag\u0101ju\u0161aj\u0101 gad\u0101 ar &hellip; Continue reading \"Par mums\"","og_url":"https:\/\/centralmedia.lv\/lv\/about-us\/","og_site_name":"Central Media","article_modified_time":"2025-02-07T14:38:24+00:00","og_image":[{"width":1344,"height":1680,"url":"https:\/\/centralmedia.lv\/wp-content\/uploads\/2024\/04\/cm-site-jpg.webp","type":"image\/jpeg"}],"twitter_card":"summary_large_image","twitter_misc":{"Est. reading time":"2 min\u016btes"},"schema":{"@context":"https:\/\/schema.org","@graph":[{"@type":"WebPage","@id":"https:\/\/centralmedia.lv\/ru\/about-us\/","url":"https:\/\/centralmedia.lv\/ru\/about-us\/","name":"Par mums","isPartOf":{"@id":"https:\/\/centralmedia.lv\/#website"},"primaryImageOfPage":{"@id":"https:\/\/centralmedia.lv\/ru\/about-us\/#primaryimage"},"image":{"@id":"https:\/\/centralmedia.lv\/ru\/about-us\/#primaryimage"},"thumbnailUrl":"https:\/\/centralmedia.lv\/wp-content\/uploads\/2024\/04\/cm-site-jpg.webp","datePublished":"2022-05-29T13:10:50+00:00","dateModified":"2025-02-07T14:38:24+00:00","inLanguage":"lv","potentialAction":[{"@type":"ReadAction","target":["https:\/\/centralmedia.lv\/ru\/about-us\/"]}]},{"@type":"ImageObject","inLanguage":"lv","@id":"https:\/\/centralmedia.lv\/ru\/about-us\/#primaryimage","url":"https:\/\/centralmedia.lv\/wp-content\/uploads\/2024\/04\/cm-site-jpg.webp","contentUrl":"https:\/\/centralmedia.lv\/wp-content\/uploads\/2024\/04\/cm-site-jpg.webp","width":1344,"height":1680},{"@type":"WebSite","@id":"https:\/\/centralmedia.lv\/#website","url":"https:\/\/centralmedia.lv\/","name":"Central Media","description":"\u0415\u0449\u0451 \u043e\u0434\u0438\u043d \u0441\u0430\u0439\u0442 \u043d\u0430 WordPress","potentialAction":[{"@type":"SearchAction","target":{"@type":"EntryPoint","urlTemplate":"https:\/\/centralmedia.lv\/?s={search_term_string}"},"query-input":"required name=search_term_string"}],"inLanguage":"lv"}]}},"_links":{"self":[{"href":"https:\/\/centralmedia.lv\/lv\/wp-json\/wp\/v2\/pages\/36","targetHints":{"allow":["GET"]}}],"collection":[{"href":"https:\/\/centralmedia.lv\/lv\/wp-json\/wp\/v2\/pages"}],"about":[{"href":"https:\/\/centralmedia.lv\/lv\/wp-json\/wp\/v2\/types\/page"}],"author":[{"embeddable":true,"href":"https:\/\/centralmedia.lv\/lv\/wp-json\/wp\/v2\/users\/1"}],"replies":[{"embeddable":true,"href":"https:\/\/centralmedia.lv\/lv\/wp-json\/wp\/v2\/comments?post=36"}],"version-history":[{"count":23,"href":"https:\/\/centralmedia.lv\/lv\/wp-json\/wp\/v2\/pages\/36\/revisions"}],"predecessor-version":[{"id":487,"href":"https:\/\/centralmedia.lv\/lv\/wp-json\/wp\/v2\/pages\/36\/revisions\/487"}],"wp:featuredmedia":[{"embeddable":true,"href":"https:\/\/centralmedia.lv\/lv\/wp-json\/wp\/v2\/media\/452"}],"wp:attachment":[{"href":"https:\/\/centralmedia.lv\/lv\/wp-json\/wp\/v2\/media?parent=36"}],"curies":[{"name":"wp","href":"https:\/\/api.w.org\/{rel}","templated":true}]}}